{"id":100,"date":"2022-10-13T09:30:12","date_gmt":"2022-10-13T09:30:12","guid":{"rendered":"http:\/\/p1f76p9p.web10.alfahosting-server.de\/?page_id=100"},"modified":"2023-05-06T16:38:34","modified_gmt":"2023-05-06T16:38:34","slug":"impressum","status":"publish","type":"page","link":"https:\/\/kassel-integrationshilfe.de\/ar\/impressum\/","title":{"rendered":"\u0628\u0635\u0645\u0629"},"content":{"rendered":"<div data-elementor-type=\"wp-page\" data-elementor-id=\"100\" class=\"elementor elementor-100\">\n\t\t\t\t\t\t<section class=\"elementor-section elementor-top-section elementor-element elementor-element-e4f9b9c elementor-section-full_width elementor-section-height-min-height elementor-section-items-top elementor-section-height-default\" data-id=\"e4f9b9c\" data-element_type=\"section\" data-e-type=\"section\" data-settings=\"{&quot;background_background&quot;:&quot;classic&quot;}\">\n\t\t\t\t\t\t\t<div class=\"elementor-background-overlay\"><\/div>\n\t\t\t\t\t\t\t<div class=\"elementor-container elementor-column-gap-default\">\n\t\t\t\t\t<div class=\"elementor-column elementor-col-100 elementor-top-column elementor-element elementor-element-f6128e2\" data-id=\"f6128e2\" data-element_type=\"column\" data-e-type=\"column\">\n\t\t\t<div class=\"elementor-widget-wrap elementor-element-populated\">\n\t\t\t\t\t\t<section class=\"elementor-section elementor-inner-section elementor-element elementor-element-3fac1e5 elementor-section-content-top elementor-section-boxed elementor-section-height-default elementor-section-height-default\" data-id=\"3fac1e5\" data-element_type=\"section\" data-e-type=\"section\">\n\t\t\t\t\t\t<div class=\"elementor-container elementor-column-gap-default\">\n\t\t\t\t\t<div class=\"elementor-column elementor-col-100 elementor-inner-column elementor-element elementor-element-00ced59\" data-id=\"00ced59\" data-element_type=\"column\" data-e-type=\"column\">\n\t\t\t<div class=\"elementor-widget-wrap elementor-element-populated\">\n\t\t\t\t\t\t<div class=\"elementor-element elementor-element-9989114 elementor-widget elementor-widget-image\" data-id=\"9989114\" data-element_type=\"widget\" data-e-type=\"widget\" data-widget_type=\"image.default\">\n\t\t\t\t<div class=\"elementor-widget-container\">\n\t\t\t\t\t\t\t\t\t\t\t\t\t\t\t\t<a href=\"https:\/\/kassel-integrationshilfe.de\/ar\/\">\n\t\t\t\t\t\t\t<img fetchpriority=\"high\" decoding=\"async\" width=\"300\" height=\"225\" src=\"https:\/\/kassel-integrationshilfe.de\/wp-content\/uploads\/2022\/09\/Design-ohne-Titel-2-300x225.png\" class=\"attachment-medium size-medium wp-image-20\" alt=\"\" srcset=\"https:\/\/kassel-integrationshilfe.de\/wp-content\/uploads\/2022\/09\/Design-ohne-Titel-2-300x225.png 300w, https:\/\/kassel-integrationshilfe.de\/wp-content\/uploads\/2022\/09\/Design-ohne-Titel-2.png 600w\" sizes=\"(max-width: 300px) 100vw, 300px\" \/>\t\t\t\t\t\t\t\t<\/a>\n\t\t\t\t\t\t\t\t\t\t\t\t\t\t\t<\/div>\n\t\t\t\t<\/div>\n\t\t\t\t<div class=\"elementor-element elementor-element-7d0069e elementor-widget elementor-widget-heading\" data-id=\"7d0069e\" data-element_type=\"widget\" data-e-type=\"widget\" data-widget_type=\"heading.default\">\n\t\t\t\t<div class=\"elementor-widget-container\">\n\t\t\t\t\t<h1 class=\"elementor-heading-title elementor-size-default\">\u0628\u0635\u0645\u0629<\/h1>\t\t\t\t<\/div>\n\t\t\t\t<\/div>\n\t\t\t\t<div class=\"elementor-element elementor-element-e953874 elementor-widget__width-initial elementor-widget elementor-widget-heading\" data-id=\"e953874\" data-element_type=\"widget\" data-e-type=\"widget\" data-widget_type=\"heading.default\">\n\t\t\t\t<div class=\"elementor-widget-container\">\n\t\t\t\t\t<p class=\"elementor-heading-title elementor-size-default\">\u062c\u0645\u0639\u064a\u0629 \u0627\u0644\u0627\u0633\u062a\u0642\u0631\u0627\u0631 \u0627\u0644\u0627\u062c\u062a\u0645\u0627\u0639\u064a \u0648\u0645\u0633\u0627\u0639\u062f\u0629 \u0627\u0644\u0627\u0646\u062f\u0645\u0627\u062c e.V.<br><span dir=\"ltr\"><p>Registergericht: Amtsgericht Kassel VR 5548<\/p><p>Sitz des Vereins (Gerichtsstand): Kassel&nbsp;<\/p><p><span style=\"letter-spacing: 0px\">Telefon: +49 170 8048077<\/span><\/p><p><span style=\"letter-spacing: 0px\">Fax: &nbsp; &nbsp; &nbsp; +49 561 83096272<\/span><\/p><\/span><br><b>Adresse<\/b><br>Mauerstra\u00dfe 26<br>34117 Kassel<br><br><b>Vorstandsvorsitzender<br><\/b>Ali Kemal Koc<br><br><b>Zust\u00e4ndige Datenschutz-Aufsichtsbeh\u00f6rde\n<\/b>Der Hessische Beauftragte f\u00fcr Datenschutz und Informationsfreiheit<br>Gustav-Stresemann-Ring 1<br>65189 Wiesbaden <br><br><b>Verantwortlich f\u00fcr redaktionelle Inhalte\n<\/b>Ali Kemal Koc<br><br><b>Urheberrecht<\/b><br>Die durch die Seitenbetreiber erstellten Inhalte und Werke auf diesen Seiten unterliegen dem urheberrechtlichen Schutz. Urheber der Webseitentexte im Sinne von \u00a7 7 UrhG ist der Verein f\u00fcr gesellschaftliche Stabilit\u00e4t und Integrationshilfe e.V.<br><br>Die Vervielf\u00e4ltigung, Bearbeitung, Verbreitung und jede Art der Verwertung au\u00dferhalb der Grenzen des Urheberrechtes bed\u00fcrfen der schriftlichen Zustimmung des jeweiligen Urhebers. Downloads und Kopien dieser Seite sind nur f\u00fcr den privaten, nicht kommerziellen Gebrauch gestattet.<br><br>Soweit die Inhalte auf dieser Seite nicht vom Betreiber erstellt wurden, werden die Urheberrechte Dritter beachtet. Insbesondere werden Inhalte Dritter als solche gekennzeichnet. Sollten Sie trotzdem auf eine Urheberrechtsverletzung aufmerksam werden, bitten wir um einen entsprechenden Hinweis. Bei Bekanntwerden von Rechtsverletzungen werden wir derartige Inhalte umgehend entfernen.\n\n<b>Haftungsausschluss<br><\/b>Als Diensteanbieter sind wir gem\u00e4\u00df \u00a7 7 Abs. 1 TMG f\u00fcr eigene Inhalte auf diesen Internetseiten nach den allgemeinen Gesetzen verantwortlich. Nach \u00a7\u00a7 8 bis 10 TMG sind wir als Diensteanbieter jedoch nicht verpflichtet, \u00fcbermittelte oder gespeicherte fremde Informationen zu \u00fcberwachen oder nach Umst\u00e4nden zu forschen, die auf eine rechtswidrige T\u00e4tigkeit hinweisen.<br>\nVerpflichtungen zur Entfernung oder Sperrung der Nutzung von Informationen nach den allgemeinen Gesetzen bleiben hiervon unber\u00fchrt. Eine diesbez\u00fcgliche Haftung ist jedoch erst ab dem Zeitpunkt der Kenntnis einer konkreten Rechtsverletzung m\u00f6glich. Bei Bekanntwerden entsprechender Rechtsverletzungen werden wir diese Inhalte umgehend entfernen.<br><br><b>Haftung f\u00fcr Links<\/b>\nUnser Angebot enth\u00e4lt Links zu externen Webseiten Dritter, auf deren Inhalte wir keinen Einfluss haben. Deshalb k\u00f6nnen wir f\u00fcr diese fremden Inhalte auch keine Gew\u00e4hr \u00fcbernehmen. F\u00fcr die Inhalte der verlinkten Seiten ist stets der jeweilige Anbieter oder Betreiber der Seiten verantwortlich.<br><br>Die verlinkten Seiten wurden zum Zeitpunkt der Verlinkung auf m\u00f6gliche Rechtsverst\u00f6\u00dfe \u00fcberpr\u00fcft. Rechtswidrige Inhalte waren zum Zeitpunkt der Verlinkung nicht erkennbar. Eine permanente inhaltliche Kontrolle der verlinkten Seiten ist jedoch ohne konkrete Anhaltspunkte einer Rechtsverletzung nicht zumutbar. Bei Bekanntwerden von Rechtsverletzungen werden wir derartige Links umgehend entfernen.\n\n<b>Hinweis zum Streitbeilegungsverfahren nach dem Verbraucherstreitbeilegungsgesetz (VSBG)\n<\/b>Plattform der EU-Kommission zur Online-Streitbeilegung: https:\/\/ec.europa.eu\/consumers\/odr .\nWir sind zur Teilnahme an einem Streitbeilegungsverfahren vor einer Verbraucherschlichtungsstelle weder verpflichtet noch bereit.\n\n\n\n\n\n\n\n\n\n\n\n<\/p>\t\t\t\t<\/div>\n\t\t\t\t<\/div>\n\t\t\t\t\t<\/div>\n\t\t<\/div>\n\t\t\t\t\t<\/div>\n\t\t<\/section>\n\t\t\t\t<div class=\"elementor-element elementor-element-7182db2 elementor-widget elementor-widget-spacer\" data-id=\"7182db2\" data-element_type=\"widget\" data-e-type=\"widget\" data-widget_type=\"spacer.default\">\n\t\t\t\t<div class=\"elementor-widget-container\">\n\t\t\t\t\t\t\t<div class=\"elementor-spacer\">\n\t\t\t<div class=\"elementor-spacer-inner\"><\/div>\n\t\t<\/div>\n\t\t\t\t\t\t<\/div>\n\t\t\t\t<\/div>\n\t\t\t\t\t<\/div>\n\t\t<\/div>\n\t\t\t\t\t<\/div>\n\t\t<\/section>\n\t\t\t\t<section class=\"elementor-section elementor-top-section elementor-element elementor-element-fc7e48a elementor-section-full_width elementor-section-content-middle elementor-reverse-tablet elementor-reverse-mobile elementor-section-height-min-height elementor-section-height-default elementor-section-items-middle\" data-id=\"fc7e48a\" data-element_type=\"section\" data-e-type=\"section\" data-settings=\"{&quot;background_background&quot;:&quot;classic&quot;}\">\n\t\t\t\t\t\t\t<div class=\"elementor-background-overlay\"><\/div>\n\t\t\t\t\t\t\t<div class=\"elementor-container elementor-column-gap-no\">\n\t\t\t\t\t<div class=\"elementor-column elementor-col-50 elementor-top-column elementor-element elementor-element-758a1f9\" data-id=\"758a1f9\" data-element_type=\"column\" data-e-type=\"column\">\n\t\t\t<div class=\"elementor-widget-wrap elementor-element-populated\">\n\t\t\t\t\t\t<div class=\"elementor-element elementor-element-754a75f elementor-widget elementor-widget-heading\" data-id=\"754a75f\" data-element_type=\"widget\" data-e-type=\"widget\" data-widget_type=\"heading.default\">\n\t\t\t\t<div class=\"elementor-widget-container\">\n\t\t\t\t\t<h3 class=\"elementor-heading-title elementor-size-default\"><a href=\"https:\/\/kassel-integrationshilfe.de\/ar\/impressum\/\">\u0628\u0635\u0645\u0629<\/a><\/h3>\t\t\t\t<\/div>\n\t\t\t\t<\/div>\n\t\t\t\t\t<\/div>\n\t\t<\/div>\n\t\t\t\t<div class=\"elementor-column elementor-col-50 elementor-top-column elementor-element elementor-element-bec1a57\" data-id=\"bec1a57\" data-element_type=\"column\" data-e-type=\"column\">\n\t\t\t<div class=\"elementor-widget-wrap elementor-element-populated\">\n\t\t\t\t\t\t<div class=\"elementor-element elementor-element-6db2734 elementor-widget elementor-widget-heading\" data-id=\"6db2734\" data-element_type=\"widget\" data-e-type=\"widget\" data-widget_type=\"heading.default\">\n\t\t\t\t<div class=\"elementor-widget-container\">\n\t\t\t\t\t<h3 class=\"elementor-heading-title elementor-size-default\"><a href=\"https:\/\/Kassel-Integrationshilfe.de\/datenschutz\">\u062d\u0645\u0627\u064a\u0629 \u0627\u0644\u0628\u064a\u0627\u0646\u0627\u062a<\/a><\/h3>\t\t\t\t<\/div>\n\t\t\t\t<\/div>\n\t\t\t\t\t<\/div>\n\t\t<\/div>\n\t\t\t\t\t<\/div>\n\t\t<\/section>\n\t\t\t\t<\/div>","protected":false},"excerpt":{"rendered":"<p>Impressum Verein f\u00fcr gesellschaftliche Stabilit\u00e4t und Integrationshilfe e.V. Registergericht: Amtsgericht Kassel VR 5548 Sitz des Vereins (Gerichtsstand): Kassel&nbsp; Telefon: +49 170 8048077 Fax: &nbsp; &nbsp; &nbsp; +49 561 83096272 AdresseMauerstra\u00dfe 2634117 Kassel VorstandsvorsitzenderAli Kemal Koc Zust\u00e4ndige Datenschutz-Aufsichtsbeh\u00f6rde Der Hessische Beauftragte f\u00fcr Datenschutz und InformationsfreiheitGustav-Stresemann-Ring 165189 Wiesbaden Verantwortlich f\u00fcr redaktionelle Inhalte Ali Kemal Koc UrheberrechtDie durch [&hellip;]<\/p>","protected":false},"author":1,"featured_media":0,"parent":0,"menu_order":0,"comment_status":"closed","ping_status":"closed","template":"elementor_canvas","meta":{"footnotes":""},"class_list":["post-100","page","type-page","status-publish","hentry"],"_links":{"self":[{"href":"https:\/\/kassel-integrationshilfe.de\/ar\/wp-json\/wp\/v2\/pages\/100","targetHints":{"allow":["GET"]}}],"collection":[{"href":"https:\/\/kassel-integrationshilfe.de\/ar\/wp-json\/wp\/v2\/pages"}],"about":[{"href":"https:\/\/kassel-integrationshilfe.de\/ar\/wp-json\/wp\/v2\/types\/page"}],"author":[{"embeddable":true,"href":"https:\/\/kassel-integrationshilfe.de\/ar\/wp-json\/wp\/v2\/users\/1"}],"replies":[{"embeddable":true,"href":"https:\/\/kassel-integrationshilfe.de\/ar\/wp-json\/wp\/v2\/comments?post=100"}],"version-history":[{"count":28,"href":"https:\/\/kassel-integrationshilfe.de\/ar\/wp-json\/wp\/v2\/pages\/100\/revisions"}],"predecessor-version":[{"id":317,"href":"https:\/\/kassel-integrationshilfe.de\/ar\/wp-json\/wp\/v2\/pages\/100\/revisions\/317"}],"wp:attachment":[{"href":"https:\/\/kassel-integrationshilfe.de\/ar\/wp-json\/wp\/v2\/media?parent=100"}],"curies":[{"name":"wp","href":"https:\/\/api.w.org\/{rel}","templated":true}]}}